{"id":8204,"date":"2026-03-30T10:58:05","date_gmt":"2026-03-30T08:58:05","guid":{"rendered":"https:\/\/www.areaceramiche.it\/unternehmen\/"},"modified":"2026-04-30T12:51:37","modified_gmt":"2026-04-30T10:51:37","slug":"unternehmen","status":"publish","type":"page","link":"https:\/\/www.areaceramiche.it\/de\/unternehmen\/","title":{"rendered":"Unternehmen"},"content":{"rendered":"\n<div style=\"height:57px\" aria-hidden=\"true\" class=\"wp-block-spacer\"><\/div>\n\n<div class=\"wp-block-media-text is-stacked-on-mobile\" style=\"grid-template-columns:41% auto\"><figure class=\"wp-block-media-text__media\"><img decoding=\"async\" width=\"789\" height=\"1024\" src=\"https:\/\/www.areaceramiche.it\/wp-content\/uploads\/2026\/04\/OYSTER_60X120-BIANCO-ANTRACITE-copia-1578x2048-1-789x1024.jpg\" alt=\"\" class=\"wp-image-6596 size-full\" srcset=\"https:\/\/www.areaceramiche.it\/wp-content\/uploads\/2026\/04\/OYSTER_60X120-BIANCO-ANTRACITE-copia-1578x2048-1-789x1024.jpg 789w, https:\/\/www.areaceramiche.it\/wp-content\/uploads\/2026\/04\/OYSTER_60X120-BIANCO-ANTRACITE-copia-1578x2048-1-231x300.jpg 231w, https:\/\/www.areaceramiche.it\/wp-content\/uploads\/2026\/04\/OYSTER_60X120-BIANCO-ANTRACITE-copia-1578x2048-1-768x997.jpg 768w, https:\/\/www.areaceramiche.it\/wp-content\/uploads\/2026\/04\/OYSTER_60X120-BIANCO-ANTRACITE-copia-1578x2048-1-1184x1536.jpg 1184w, https:\/\/www.areaceramiche.it\/wp-content\/uploads\/2026\/04\/OYSTER_60X120-BIANCO-ANTRACITE-copia-1578x2048-1-519x674.jpg 519w, https:\/\/www.areaceramiche.it\/wp-content\/uploads\/2026\/04\/OYSTER_60X120-BIANCO-ANTRACITE-copia-1578x2048-1.jpg 1578w\" sizes=\"(max-width: 789px) 100vw, 789px\" \/><\/figure><div class=\"wp-block-media-text__content\">\n<div style=\"height:44px;width:0px\" aria-hidden=\"true\" class=\"wp-block-spacer\"><\/div>\n\n\n\n<div class=\"wp-block-group is-nowrap is-layout-flex wp-container-core-group-is-layout-ad2f72ca wp-block-group-is-layout-flex\">\n<h2 class=\"wp-block-heading\"><strong>Area Ceramiche<\/strong><\/h2>\n<\/div>\n\n\n\n<div style=\"height:46px;width:0px\" aria-hidden=\"true\" class=\"wp-block-spacer\"><\/div>\n\n\n\n<p>Hinter jeder Oberfl\u00e4che steckt eine Geschichte aus Leidenschaft, Erfahrung und Vision. Area Ceramiche Maranello wurde gegr\u00fcndet, um R\u00e4umen Form zu geben und Materie in Emotion zu verwandeln. Heute wird diese Geschichte mit einem neuen, bedeutenden Kapitel fortgeschrieben: dem Eintritt in die MOMA-Gruppe \u2013 eine gemeinsame Entscheidung, die neue Chancen er\u00f6ffnet und zugleich die Identit\u00e4t und die Werte bewahrt, die uns auszeichnen. Seit \u00fcber drei Jahrzehnten verstehen wir Zweibrandkeramik und Feinsteinzeug als ein Gleichgewicht zwischen Technik und \u00c4sthetik und schaffen authentische, nat\u00fcrliche L\u00f6sungen, die auf Langlebigkeit ausgelegt sind.   <\/p>\n<\/div><\/div>\n\n<div style=\"height:136px\" aria-hidden=\"true\" class=\"wp-block-spacer\"><\/div>\n\n<h2 class=\"wp-block-heading has-text-align-center\">Wir setzen auf Qualit\u00e4t.<\/h2>\n\n<div style=\"height:59px\" aria-hidden=\"true\" class=\"wp-block-spacer\"><\/div>\n\n<figure class=\"wp-block-gallery has-nested-images columns-default is-cropped wp-block-gallery-1 is-layout-flex wp-block-gallery-is-layout-flex\">\n<figure data-wp-context=\"{&quot;imageId&quot;:&quot;69f41b95e47c9&quot;}\" data-wp-interactive=\"core\/image\" data-wp-key=\"69f41b95e47c9\" class=\"wp-block-image size-large is-style-default wp-lightbox-container\"><img decoding=\"async\" width=\"768\" height=\"576\" data-wp-class--hide=\"state.isContentHidden\" data-wp-class--show=\"state.isContentVisible\" data-wp-init=\"callbacks.setButtonStyles\" data-wp-on--click=\"actions.showLightbox\" data-wp-on--load=\"callbacks.setButtonStyles\" data-wp-on-window--resize=\"callbacks.setButtonStyles\" data-id=\"5177\" src=\"https:\/\/www.areaceramiche.it\/wp-content\/uploads\/2026\/03\/Copertina_Oyster.jpg\" alt=\"\" class=\"wp-image-5177\" srcset=\"https:\/\/www.areaceramiche.it\/wp-content\/uploads\/2026\/03\/Copertina_Oyster.jpg 768w, https:\/\/www.areaceramiche.it\/wp-content\/uploads\/2026\/03\/Copertina_Oyster-300x225.jpg 300w\" sizes=\"(max-width: 768px) 100vw, 768px\" \/><button\n\t\t\tclass=\"lightbox-trigger\"\n\t\t\ttype=\"button\"\n\t\t\taria-haspopup=\"dialog\"\n\t\t\taria-label=\"Vergr\u00f6\u00dfern\"\n\t\t\tdata-wp-init=\"callbacks.initTriggerButton\"\n\t\t\tdata-wp-on--click=\"actions.showLightbox\"\n\t\t\tdata-wp-style--right=\"state.imageButtonRight\"\n\t\t\tdata-wp-style--top=\"state.imageButtonTop\"\n\t\t>\n\t\t\t<svg xmlns=\"http:\/\/www.w3.org\/2000\/svg\" width=\"12\" height=\"12\" fill=\"none\" viewBox=\"0 0 12 12\">\n\t\t\t\t<path fill=\"#fff\" d=\"M2 0a2 2 0 0 0-2 2v2h1.5V2a.5.5 0 0 1 .5-.5h2V0H2Zm2 10.5H2a.5.5 0 0 1-.5-.5V8H0v2a2 2 0 0 0 2 2h2v-1.5ZM8 12v-1.5h2a.5.5 0 0 0 .5-.5V8H12v2a2 2 0 0 1-2 2H8Zm2-12a2 2 0 0 1 2 2v2h-1.5V2a.5.5 0 0 0-.5-.5H8V0h2Z\" \/>\n\t\t\t<\/svg>\n\t\t<\/button><\/figure>\n\n\n\n<figure data-wp-context=\"{&quot;imageId&quot;:&quot;69f41b95e57db&quot;}\" data-wp-interactive=\"core\/image\" data-wp-key=\"69f41b95e57db\" class=\"wp-block-image size-large wp-lightbox-container\"><img decoding=\"async\" width=\"1024\" height=\"803\" data-wp-class--hide=\"state.isContentHidden\" data-wp-class--show=\"state.isContentVisible\" data-wp-init=\"callbacks.setButtonStyles\" data-wp-on--click=\"actions.showLightbox\" data-wp-on--load=\"callbacks.setButtonStyles\" data-wp-on-window--resize=\"callbacks.setButtonStyles\" data-id=\"5171\" src=\"https:\/\/www.areaceramiche.it\/wp-content\/uploads\/2026\/03\/OYSTER_60X120-BIANCO-ANTRACITE-copia-1-1024x803.jpg\" alt=\"\" class=\"wp-image-5171\" srcset=\"https:\/\/www.areaceramiche.it\/wp-content\/uploads\/2026\/03\/OYSTER_60X120-BIANCO-ANTRACITE-copia-1-1024x803.jpg 1024w, https:\/\/www.areaceramiche.it\/wp-content\/uploads\/2026\/03\/OYSTER_60X120-BIANCO-ANTRACITE-copia-1-300x235.jpg 300w, https:\/\/www.areaceramiche.it\/wp-content\/uploads\/2026\/03\/OYSTER_60X120-BIANCO-ANTRACITE-copia-1-768x602.jpg 768w, https:\/\/www.areaceramiche.it\/wp-content\/uploads\/2026\/03\/OYSTER_60X120-BIANCO-ANTRACITE-copia-1-1536x1205.jpg 1536w, https:\/\/www.areaceramiche.it\/wp-content\/uploads\/2026\/03\/OYSTER_60X120-BIANCO-ANTRACITE-copia-1-859x674.jpg 859w, https:\/\/www.areaceramiche.it\/wp-content\/uploads\/2026\/03\/OYSTER_60X120-BIANCO-ANTRACITE-copia-1.jpg 1920w\" sizes=\"(max-width: 1024px) 100vw, 1024px\" \/><button\n\t\t\tclass=\"lightbox-trigger\"\n\t\t\ttype=\"button\"\n\t\t\taria-haspopup=\"dialog\"\n\t\t\taria-label=\"Vergr\u00f6\u00dfern\"\n\t\t\tdata-wp-init=\"callbacks.initTriggerButton\"\n\t\t\tdata-wp-on--click=\"actions.showLightbox\"\n\t\t\tdata-wp-style--right=\"state.imageButtonRight\"\n\t\t\tdata-wp-style--top=\"state.imageButtonTop\"\n\t\t>\n\t\t\t<svg xmlns=\"http:\/\/www.w3.org\/2000\/svg\" width=\"12\" height=\"12\" fill=\"none\" viewBox=\"0 0 12 12\">\n\t\t\t\t<path fill=\"#fff\" d=\"M2 0a2 2 0 0 0-2 2v2h1.5V2a.5.5 0 0 1 .5-.5h2V0H2Zm2 10.5H2a.5.5 0 0 1-.5-.5V8H0v2a2 2 0 0 0 2 2h2v-1.5ZM8 12v-1.5h2a.5.5 0 0 0 .5-.5V8H12v2a2 2 0 0 1-2 2H8Zm2-12a2 2 0 0 1 2 2v2h-1.5V2a.5.5 0 0 0-.5-.5H8V0h2Z\" \/>\n\t\t\t<\/svg>\n\t\t<\/button><\/figure>\n\n\n\n<figure data-wp-context=\"{&quot;imageId&quot;:&quot;69f41b95e6328&quot;}\" data-wp-interactive=\"core\/image\" data-wp-key=\"69f41b95e6328\" class=\"wp-block-image size-large wp-lightbox-container\"><img decoding=\"async\" width=\"1024\" height=\"730\" data-wp-class--hide=\"state.isContentHidden\" data-wp-class--show=\"state.isContentVisible\" data-wp-init=\"callbacks.setButtonStyles\" data-wp-on--click=\"actions.showLightbox\" data-wp-on--load=\"callbacks.setButtonStyles\" data-wp-on-window--resize=\"callbacks.setButtonStyles\" data-id=\"5168\" src=\"https:\/\/www.areaceramiche.it\/wp-content\/uploads\/2026\/03\/OYSTER-GEOMETRICO_1-1-1024x730.jpg\" alt=\"\" class=\"wp-image-5168\" srcset=\"https:\/\/www.areaceramiche.it\/wp-content\/uploads\/2026\/03\/OYSTER-GEOMETRICO_1-1-1024x730.jpg 1024w, https:\/\/www.areaceramiche.it\/wp-content\/uploads\/2026\/03\/OYSTER-GEOMETRICO_1-1-300x214.jpg 300w, https:\/\/www.areaceramiche.it\/wp-content\/uploads\/2026\/03\/OYSTER-GEOMETRICO_1-1-768x547.jpg 768w, https:\/\/www.areaceramiche.it\/wp-content\/uploads\/2026\/03\/OYSTER-GEOMETRICO_1-1-1536x1094.jpg 1536w, https:\/\/www.areaceramiche.it\/wp-content\/uploads\/2026\/03\/OYSTER-GEOMETRICO_1-1-946x674.jpg 946w, https:\/\/www.areaceramiche.it\/wp-content\/uploads\/2026\/03\/OYSTER-GEOMETRICO_1-1.jpg 1920w\" sizes=\"(max-width: 1024px) 100vw, 1024px\" \/><button\n\t\t\tclass=\"lightbox-trigger\"\n\t\t\ttype=\"button\"\n\t\t\taria-haspopup=\"dialog\"\n\t\t\taria-label=\"Vergr\u00f6\u00dfern\"\n\t\t\tdata-wp-init=\"callbacks.initTriggerButton\"\n\t\t\tdata-wp-on--click=\"actions.showLightbox\"\n\t\t\tdata-wp-style--right=\"state.imageButtonRight\"\n\t\t\tdata-wp-style--top=\"state.imageButtonTop\"\n\t\t>\n\t\t\t<svg xmlns=\"http:\/\/www.w3.org\/2000\/svg\" width=\"12\" height=\"12\" fill=\"none\" viewBox=\"0 0 12 12\">\n\t\t\t\t<path fill=\"#fff\" d=\"M2 0a2 2 0 0 0-2 2v2h1.5V2a.5.5 0 0 1 .5-.5h2V0H2Zm2 10.5H2a.5.5 0 0 1-.5-.5V8H0v2a2 2 0 0 0 2 2h2v-1.5ZM8 12v-1.5h2a.5.5 0 0 0 .5-.5V8H12v2a2 2 0 0 1-2 2H8Zm2-12a2 2 0 0 1 2 2v2h-1.5V2a.5.5 0 0 0-.5-.5H8V0h2Z\" \/>\n\t\t\t<\/svg>\n\t\t<\/button><\/figure>\n\n\n\n<figure data-wp-context=\"{&quot;imageId&quot;:&quot;69f41b95e70bc&quot;}\" data-wp-interactive=\"core\/image\" data-wp-key=\"69f41b95e70bc\" class=\"wp-block-image size-large wp-lightbox-container\"><img decoding=\"async\" width=\"1024\" height=\"724\" data-wp-class--hide=\"state.isContentHidden\" data-wp-class--show=\"state.isContentVisible\" data-wp-init=\"callbacks.setButtonStyles\" data-wp-on--click=\"actions.showLightbox\" data-wp-on--load=\"callbacks.setButtonStyles\" data-wp-on-window--resize=\"callbacks.setButtonStyles\" data-id=\"5162\" src=\"https:\/\/www.areaceramiche.it\/wp-content\/uploads\/2026\/03\/OYSTER-GEOMETRICO_2-copia-1-1024x724.jpg\" alt=\"\" class=\"wp-image-5162\" srcset=\"https:\/\/www.areaceramiche.it\/wp-content\/uploads\/2026\/03\/OYSTER-GEOMETRICO_2-copia-1-1024x724.jpg 1024w, https:\/\/www.areaceramiche.it\/wp-content\/uploads\/2026\/03\/OYSTER-GEOMETRICO_2-copia-1-300x212.jpg 300w, https:\/\/www.areaceramiche.it\/wp-content\/uploads\/2026\/03\/OYSTER-GEOMETRICO_2-copia-1-768x543.jpg 768w, https:\/\/www.areaceramiche.it\/wp-content\/uploads\/2026\/03\/OYSTER-GEOMETRICO_2-copia-1-1536x1086.jpg 1536w, https:\/\/www.areaceramiche.it\/wp-content\/uploads\/2026\/03\/OYSTER-GEOMETRICO_2-copia-1-953x674.jpg 953w, https:\/\/www.areaceramiche.it\/wp-content\/uploads\/2026\/03\/OYSTER-GEOMETRICO_2-copia-1.jpg 1920w\" sizes=\"(max-width: 1024px) 100vw, 1024px\" \/><button\n\t\t\tclass=\"lightbox-trigger\"\n\t\t\ttype=\"button\"\n\t\t\taria-haspopup=\"dialog\"\n\t\t\taria-label=\"Vergr\u00f6\u00dfern\"\n\t\t\tdata-wp-init=\"callbacks.initTriggerButton\"\n\t\t\tdata-wp-on--click=\"actions.showLightbox\"\n\t\t\tdata-wp-style--right=\"state.imageButtonRight\"\n\t\t\tdata-wp-style--top=\"state.imageButtonTop\"\n\t\t>\n\t\t\t<svg xmlns=\"http:\/\/www.w3.org\/2000\/svg\" width=\"12\" height=\"12\" fill=\"none\" viewBox=\"0 0 12 12\">\n\t\t\t\t<path fill=\"#fff\" d=\"M2 0a2 2 0 0 0-2 2v2h1.5V2a.5.5 0 0 1 .5-.5h2V0H2Zm2 10.5H2a.5.5 0 0 1-.5-.5V8H0v2a2 2 0 0 0 2 2h2v-1.5ZM8 12v-1.5h2a.5.5 0 0 0 .5-.5V8H12v2a2 2 0 0 1-2 2H8Zm2-12a2 2 0 0 1 2 2v2h-1.5V2a.5.5 0 0 0-.5-.5H8V0h2Z\" \/>\n\t\t\t<\/svg>\n\t\t<\/button><\/figure>\n\n\n\n<figure data-wp-context=\"{&quot;imageId&quot;:&quot;69f41b95eb1de&quot;}\" data-wp-interactive=\"core\/image\" data-wp-key=\"69f41b95eb1de\" class=\"wp-block-image size-large wp-lightbox-container\"><img decoding=\"async\" width=\"1000\" height=\"708\" data-wp-class--hide=\"state.isContentHidden\" data-wp-class--show=\"state.isContentVisible\" data-wp-init=\"callbacks.setButtonStyles\" data-wp-on--click=\"actions.showLightbox\" data-wp-on--load=\"callbacks.setButtonStyles\" data-wp-on-window--resize=\"callbacks.setButtonStyles\" data-id=\"4923\" src=\"https:\/\/www.areaceramiche.it\/wp-content\/uploads\/2025\/04\/Pietra-LAVICA_Commeciale_Beige-60x120_ALTA.jpg\" alt=\"\" class=\"wp-image-4923\" srcset=\"https:\/\/www.areaceramiche.it\/wp-content\/uploads\/2025\/04\/Pietra-LAVICA_Commeciale_Beige-60x120_ALTA.jpg 1000w, https:\/\/www.areaceramiche.it\/wp-content\/uploads\/2025\/04\/Pietra-LAVICA_Commeciale_Beige-60x120_ALTA-300x212.jpg 300w, https:\/\/www.areaceramiche.it\/wp-content\/uploads\/2025\/04\/Pietra-LAVICA_Commeciale_Beige-60x120_ALTA-768x544.jpg 768w, https:\/\/www.areaceramiche.it\/wp-content\/uploads\/2025\/04\/Pietra-LAVICA_Commeciale_Beige-60x120_ALTA-952x674.jpg 952w\" sizes=\"(max-width: 1000px) 100vw, 1000px\" \/><button\n\t\t\tclass=\"lightbox-trigger\"\n\t\t\ttype=\"button\"\n\t\t\taria-haspopup=\"dialog\"\n\t\t\taria-label=\"Vergr\u00f6\u00dfern\"\n\t\t\tdata-wp-init=\"callbacks.initTriggerButton\"\n\t\t\tdata-wp-on--click=\"actions.showLightbox\"\n\t\t\tdata-wp-style--right=\"state.imageButtonRight\"\n\t\t\tdata-wp-style--top=\"state.imageButtonTop\"\n\t\t>\n\t\t\t<svg xmlns=\"http:\/\/www.w3.org\/2000\/svg\" width=\"12\" height=\"12\" fill=\"none\" viewBox=\"0 0 12 12\">\n\t\t\t\t<path fill=\"#fff\" d=\"M2 0a2 2 0 0 0-2 2v2h1.5V2a.5.5 0 0 1 .5-.5h2V0H2Zm2 10.5H2a.5.5 0 0 1-.5-.5V8H0v2a2 2 0 0 0 2 2h2v-1.5ZM8 12v-1.5h2a.5.5 0 0 0 .5-.5V8H12v2a2 2 0 0 1-2 2H8Zm2-12a2 2 0 0 1 2 2v2h-1.5V2a.5.5 0 0 0-.5-.5H8V0h2Z\" \/>\n\t\t\t<\/svg>\n\t\t<\/button><\/figure>\n\n\n\n<figure data-wp-context=\"{&quot;imageId&quot;:&quot;69f41b95ebdca&quot;}\" data-wp-interactive=\"core\/image\" data-wp-key=\"69f41b95ebdca\" class=\"wp-block-image size-large wp-lightbox-container\"><img decoding=\"async\" width=\"1024\" height=\"768\" data-wp-class--hide=\"state.isContentHidden\" data-wp-class--show=\"state.isContentVisible\" data-wp-init=\"callbacks.setButtonStyles\" data-wp-on--click=\"actions.showLightbox\" data-wp-on--load=\"callbacks.setButtonStyles\" data-wp-on-window--resize=\"callbacks.setButtonStyles\" data-id=\"4908\" src=\"https:\/\/www.areaceramiche.it\/wp-content\/uploads\/2025\/04\/area-ceramiche-pietra-lavica-copertina.jpg\" alt=\"\" class=\"wp-image-4908\" srcset=\"https:\/\/www.areaceramiche.it\/wp-content\/uploads\/2025\/04\/area-ceramiche-pietra-lavica-copertina.jpg 1024w, https:\/\/www.areaceramiche.it\/wp-content\/uploads\/2025\/04\/area-ceramiche-pietra-lavica-copertina-300x225.jpg 300w, https:\/\/www.areaceramiche.it\/wp-content\/uploads\/2025\/04\/area-ceramiche-pietra-lavica-copertina-768x576.jpg 768w, https:\/\/www.areaceramiche.it\/wp-content\/uploads\/2025\/04\/area-ceramiche-pietra-lavica-copertina-899x674.jpg 899w\" sizes=\"(max-width: 1024px) 100vw, 1024px\" \/><button\n\t\t\tclass=\"lightbox-trigger\"\n\t\t\ttype=\"button\"\n\t\t\taria-haspopup=\"dialog\"\n\t\t\taria-label=\"Vergr\u00f6\u00dfern\"\n\t\t\tdata-wp-init=\"callbacks.initTriggerButton\"\n\t\t\tdata-wp-on--click=\"actions.showLightbox\"\n\t\t\tdata-wp-style--right=\"state.imageButtonRight\"\n\t\t\tdata-wp-style--top=\"state.imageButtonTop\"\n\t\t>\n\t\t\t<svg xmlns=\"http:\/\/www.w3.org\/2000\/svg\" width=\"12\" height=\"12\" fill=\"none\" viewBox=\"0 0 12 12\">\n\t\t\t\t<path fill=\"#fff\" d=\"M2 0a2 2 0 0 0-2 2v2h1.5V2a.5.5 0 0 1 .5-.5h2V0H2Zm2 10.5H2a.5.5 0 0 1-.5-.5V8H0v2a2 2 0 0 0 2 2h2v-1.5ZM8 12v-1.5h2a.5.5 0 0 0 .5-.5V8H12v2a2 2 0 0 1-2 2H8Zm2-12a2 2 0 0 1 2 2v2h-1.5V2a.5.5 0 0 0-.5-.5H8V0h2Z\" \/>\n\t\t\t<\/svg>\n\t\t<\/button><\/figure>\n<\/figure>\n\n<p><\/p>\n","protected":false},"excerpt":{"rendered":"<p>Wir setzen auf Qualit\u00e4t.<\/p>\n","protected":false},"author":1,"featured_media":0,"parent":0,"menu_order":0,"comment_status":"closed","ping_status":"closed","template":"","meta":{"_acf_changed":false,"footnotes":""},"class_list":["post-8204","page","type-page","status-publish","hentry"],"acf":[],"_links":{"self":[{"href":"https:\/\/www.areaceramiche.it\/de\/wp-json\/wp\/v2\/pages\/8204","targetHints":{"allow":["GET"]}}],"collection":[{"href":"https:\/\/www.areaceramiche.it\/de\/wp-json\/wp\/v2\/pages"}],"about":[{"href":"https:\/\/www.areaceramiche.it\/de\/wp-json\/wp\/v2\/types\/page"}],"author":[{"embeddable":true,"href":"https:\/\/www.areaceramiche.it\/de\/wp-json\/wp\/v2\/users\/1"}],"replies":[{"embeddable":true,"href":"https:\/\/www.areaceramiche.it\/de\/wp-json\/wp\/v2\/comments?post=8204"}],"version-history":[{"count":1,"href":"https:\/\/www.areaceramiche.it\/de\/wp-json\/wp\/v2\/pages\/8204\/revisions"}],"predecessor-version":[{"id":8206,"href":"https:\/\/www.areaceramiche.it\/de\/wp-json\/wp\/v2\/pages\/8204\/revisions\/8206"}],"wp:attachment":[{"href":"https:\/\/www.areaceramiche.it\/de\/wp-json\/wp\/v2\/media?parent=8204"}],"curies":[{"name":"wp","href":"https:\/\/api.w.org\/{rel}","templated":true}]}}