{"id":6424,"date":"2020-02-25T12:03:20","date_gmt":"2020-02-25T11:03:20","guid":{"rendered":"https:\/\/www.areaceramiche.it\/internationale-gesetzgebung\/"},"modified":"2020-02-25T12:03:20","modified_gmt":"2020-02-25T11:03:20","slug":"internationale-gesetzgebung","status":"publish","type":"page","link":"https:\/\/www.areaceramiche.it\/de\/internationale-gesetzgebung\/","title":{"rendered":"Internationale Gesetzgebung"},"content":{"rendered":"<p class=\"p1\"><strong><span class=\"s1\"><span style=\"color: #8f040c;\">NORMATIVA INTERNAZIONALE<\/span><br \/>\n<\/span><\/strong><span class=\"s1\">La norma ISO 13006 \u00e8 confluita nella parte &#8220;normativa&#8221; nella pi\u00f9 ampia norma EN 14411 (2003). La norma EN 14411 contiene una parte normativa, cio\u00e8 volontaria, rappresentata integralmente dalla ISO 13006 ed una parte &#8220;informativa&#8221; degli aspetti cogenti, cio\u00e8 obbligatori, contenuta negli annessi informativi ZA e ZB che &#8220;informano circa le modalit\u00e0 operative relative alla applicazione della marcatura CE per le piastrelle ceramiche. La marcatura CE per le piastrelle ceramiche, sar\u00e0 obbligatoria in tutto il territorio della UE in quanto discende dalla direttiva europea 89\/106 per la marcatura CE dei prodotti da costruzione.<\/span><\/p>\n<p class=\"p1\"><strong><span class=\"s1\"><span style=\"color: #8f040c;\">LA SITUAZIONE NORMATIVA IN ITALIA<\/span><br \/>\n<\/span><\/strong><span class=\"s1\">In Italia l&#8217;organismo nazionale di normazione UNI ha completato il recepimento delle norme ISO, infatti:<\/span><\/p>\n<ul>\n<li class=\"p1\"><span class=\"s1\">I metodi di prova sono stati recepiti e pubblicati in italiano come norma UNI EN ISO 10545 nelle sue 16 parti effettive, di cui gi\u00e0 detto, fin dal 2000 sostituendo le precedenti e corrispondenti norme UNI EN.<\/span><\/li>\n<li class=\"p1\"><span class=\"s1\">La norma EN 14411, quindi anche la ISO 13006 in essa contenuta \u00e8 stata pubblicata ufficialmente in italiano come UNI EN 14411 nell&#8217;agosto 2004. Ci\u00f2 risolve i problemi legati alla coesistenza, dal 2000, di &#8220;vecchi&#8221; requisiti normativi (UNI EN 87 e norme collegate, ad esempio UNI EN 176, 177, etc.) con metodi di prova &#8220;nuovi&#8221; non sempre compatibili o raccordabili con quei requisiti.<\/span><\/li>\n<\/ul>\n<p class=\"p1\"><span style=\"color: #8f040c;\"><strong><span class=\"s1\">CLASSIFICAZIONI GENERALI<br \/>\n<\/span><\/strong><\/span><span class=\"s1\"><b>BICOTTURA: MAIOLICA &#8211; COTTOFORTE<\/b><\/span><\/p>\n<ul>\n<li class=\"p2\"><span class=\"s1\">Superficie: SMALTATA<\/span><\/li>\n<li class=\"p2\"><span class=\"s1\">Metodo di formatura: PRESSATURA<\/span><\/li>\n<li class=\"p2\"><span class=\"s1\">Assorbimento d&#8217;acqua: 10-25%<\/span><\/li>\n<li class=\"p2\"><span class=\"s1\">Gruppo di prodotto secondo la classificazione UNI EN 14411: BIII<\/span><\/li>\n<li class=\"p2\"><span class=\"s1\">Specifica tecnica (requisiti e riferimenti per la valutazione): UNI EN 14411 Appendice L<\/span><\/li>\n<\/ul>\n<p class=\"p2\"><span class=\"s1\"><b>BICOTTURA : TERRAGLIA &#8211; PASTA BIANCA<\/b><\/span><\/p>\n<ul>\n<li class=\"p2\"><span class=\"s1\">Superficie: SMALTATA<\/span><\/li>\n<li class=\"p2\"><span class=\"s1\">Metodo di formatura: PRESSATURA<\/span><\/li>\n<li class=\"p2\"><span class=\"s1\">Assorbimento d&#8217;acqua: 10-20%<\/span><\/li>\n<li class=\"p2\"><span class=\"s1\">Gruppo di prodotto secondo la classificazione UNI EN 14411: BIII<\/span><\/li>\n<li class=\"p2\"><span class=\"s1\">Specifica tecnica (requisiti e riferimenti per la valutazione): UNI EN 14411 Appendice L<\/span><\/li>\n<\/ul>\n<p class=\"p2\"><span class=\"s1\"><b>MONOCOTTURA BIANCA<\/b><\/span><\/p>\n<ul>\n<li class=\"p2\"><span class=\"s1\">Superficie: SMALTATA<\/span><\/li>\n<li class=\"p2\"><span class=\"s1\">Metodo di formatura: PRESSATURA<\/span><\/li>\n<li class=\"p2\"><span class=\"s1\">Assorbimento d&#8217;acqua: 2-7%<\/span><\/li>\n<li class=\"p2\"><span class=\"s1\">Gruppo di prodotto secondo la classificazione UNI EN 14411: BIb-BIIa-BIIb<\/span><\/li>\n<li class=\"p2\"><span class=\"s1\">Specifica tecnica (requisiti e riferimenti per la valutazione): UNI EN 14411 Appendice H &#8211; J &#8211; K<\/span><\/li>\n<\/ul>\n<p class=\"p2\"><span class=\"s1\"><b>GRES PORCELLANATO<\/b><\/span><\/p>\n<ul>\n<li class=\"p2\"><span class=\"s1\">Superficie: NON SMATATA (tal quale o levigata) o SMALTATA<\/span><\/li>\n<li class=\"p2\"><span class=\"s1\">Metodo di formatura: PRESSATURA<\/span><\/li>\n<li class=\"p2\"><span class=\"s1\">Assorbimento d&#8217;acqua: &lt;0,5%<\/span><\/li>\n<li class=\"p2\"><span class=\"s1\">Gruppo di prodotto secondo la classificazione UNI EN 14411: BIa<\/span><\/li>\n<li class=\"p2\"><span class=\"s1\">Specifica tecnica (requisiti e riferimenti per la valutazione): UNI EN 14411 Appendice G<\/span><\/li>\n<\/ul>\n","protected":false},"excerpt":{"rendered":"<p>NORMATIVA INTERNAZIONALE La norma ISO 13006 \u00e8 confluita nella parte &#8220;normativa&#8221; nella pi\u00f9 ampia norma EN 14411 (2003). La norma&#8230;<\/p>\n","protected":false},"author":1,"featured_media":0,"parent":0,"menu_order":999,"comment_status":"closed","ping_status":"closed","template":"","meta":{"_acf_changed":false,"footnotes":""},"class_list":["post-6424","page","type-page","status-publish","hentry"],"acf":[],"_links":{"self":[{"href":"https:\/\/www.areaceramiche.it\/de\/wp-json\/wp\/v2\/pages\/6424","targetHints":{"allow":["GET"]}}],"collection":[{"href":"https:\/\/www.areaceramiche.it\/de\/wp-json\/wp\/v2\/pages"}],"about":[{"href":"https:\/\/www.areaceramiche.it\/de\/wp-json\/wp\/v2\/types\/page"}],"author":[{"embeddable":true,"href":"https:\/\/www.areaceramiche.it\/de\/wp-json\/wp\/v2\/users\/1"}],"replies":[{"embeddable":true,"href":"https:\/\/www.areaceramiche.it\/de\/wp-json\/wp\/v2\/comments?post=6424"}],"version-history":[{"count":0,"href":"https:\/\/www.areaceramiche.it\/de\/wp-json\/wp\/v2\/pages\/6424\/revisions"}],"wp:attachment":[{"href":"https:\/\/www.areaceramiche.it\/de\/wp-json\/wp\/v2\/media?parent=6424"}],"curies":[{"name":"wp","href":"https:\/\/api.w.org\/{rel}","templated":true}]}}