{"id":6361,"date":"2026-04-03T11:33:33","date_gmt":"2026-04-03T09:33:33","guid":{"rendered":"https:\/\/www.areaceramiche.it\/fachhaendler\/"},"modified":"2026-04-07T10:00:49","modified_gmt":"2026-04-07T08:00:49","slug":"fachhaendler","status":"publish","type":"page","link":"https:\/\/www.areaceramiche.it\/de\/fachhaendler\/","title":{"rendered":"Fachh\u00e4ndler"},"content":{"rendered":"\n<div style=\"height:48px\" aria-hidden=\"true\" class=\"wp-block-spacer\"><\/div>\n<div class=\"wp-block-image\">\n<figure class=\"aligncenter size-full\"><img decoding=\"async\" width=\"1280\" height=\"720\" src=\"https:\/\/www.areaceramiche.it\/wp-content\/uploads\/2026\/04\/close-up-color-palette-used-by-interior-designer-edited.jpg\" alt=\"\" class=\"wp-image-5970\" srcset=\"https:\/\/www.areaceramiche.it\/wp-content\/uploads\/2026\/04\/close-up-color-palette-used-by-interior-designer-edited.jpg 1280w, https:\/\/www.areaceramiche.it\/wp-content\/uploads\/2026\/04\/close-up-color-palette-used-by-interior-designer-edited-300x169.jpg 300w, https:\/\/www.areaceramiche.it\/wp-content\/uploads\/2026\/04\/close-up-color-palette-used-by-interior-designer-edited-1024x576.jpg 1024w, https:\/\/www.areaceramiche.it\/wp-content\/uploads\/2026\/04\/close-up-color-palette-used-by-interior-designer-edited-768x432.jpg 768w, https:\/\/www.areaceramiche.it\/wp-content\/uploads\/2026\/04\/close-up-color-palette-used-by-interior-designer-edited-1198x674.jpg 1198w\" sizes=\"(max-width: 1280px) 100vw, 1280px\" \/><\/figure>\n<\/div>\n<div style=\"height:102px\" aria-hidden=\"true\" class=\"wp-block-spacer\"><\/div>\n\n<h2 class=\"wp-block-heading has-text-align-center\">Wo das Projekt Form annimmt, Material f\u00fcr Material<\/h2>\n\n<div style=\"height:22px\" aria-hidden=\"true\" class=\"wp-block-spacer\"><\/div>\n\n<div class=\"wp-block-columns is-layout-flex wp-container-core-columns-is-layout-9d6595d7 wp-block-columns-is-layout-flex\">\n<div class=\"wp-block-column is-layout-flow wp-block-column-is-layout-flow\" style=\"flex-basis:33.34%\">\n<p class=\"has-text-align-center\"><\/p>\n<\/div>\n\n\n\n<div class=\"wp-block-column is-layout-flow wp-block-column-is-layout-flow\" style=\"flex-basis:90%\">\n<p class=\"has-text-align-center\">Jede Oberfl\u00e4che erz\u00e4hlt eine Vision. Bei unseren ausgew\u00e4hlten Fachh\u00e4ndlern wird die Kollektion zu einem konkreten Erlebnis: Texturen, Oberfl\u00e4chen und Farben treffen aufeinander, um bewusste und koh\u00e4rente Designentscheidungen zu erm\u00f6glichen. Wir haben ein Netzwerk qualifizierter Partner aufgebaut, das darauf ausgerichtet ist, Architekten, Innenarchitekten und Privatpersonen in jeder Phase des Projekts zu unterst\u00fctzen.  <\/p>\n<\/div>\n\n\n\n<div class=\"wp-block-column is-layout-flow wp-block-column-is-layout-flow\" style=\"flex-basis:33.33%\"><\/div>\n<\/div>\n\n<div style=\"height:78px\" aria-hidden=\"true\" class=\"wp-block-spacer\"><\/div>\n\n<p><\/p>\n","protected":false},"excerpt":{"rendered":"<p>Wo das Projekt Form annimmt, Material f\u00fcr Material Jede Oberfl\u00e4che erz\u00e4hlt eine Vision. Bei unseren ausgew\u00e4hlten Fachh\u00e4ndlern wird die Kollektion&#8230;<\/p>\n","protected":false},"author":1,"featured_media":0,"parent":0,"menu_order":0,"comment_status":"closed","ping_status":"closed","template":"template-rivenditori.php","meta":{"_acf_changed":false,"footnotes":""},"class_list":["post-6361","page","type-page","status-publish","hentry"],"acf":[],"_links":{"self":[{"href":"https:\/\/www.areaceramiche.it\/de\/wp-json\/wp\/v2\/pages\/6361","targetHints":{"allow":["GET"]}}],"collection":[{"href":"https:\/\/www.areaceramiche.it\/de\/wp-json\/wp\/v2\/pages"}],"about":[{"href":"https:\/\/www.areaceramiche.it\/de\/wp-json\/wp\/v2\/types\/page"}],"author":[{"embeddable":true,"href":"https:\/\/www.areaceramiche.it\/de\/wp-json\/wp\/v2\/users\/1"}],"replies":[{"embeddable":true,"href":"https:\/\/www.areaceramiche.it\/de\/wp-json\/wp\/v2\/comments?post=6361"}],"version-history":[{"count":1,"href":"https:\/\/www.areaceramiche.it\/de\/wp-json\/wp\/v2\/pages\/6361\/revisions"}],"predecessor-version":[{"id":6362,"href":"https:\/\/www.areaceramiche.it\/de\/wp-json\/wp\/v2\/pages\/6361\/revisions\/6362"}],"wp:attachment":[{"href":"https:\/\/www.areaceramiche.it\/de\/wp-json\/wp\/v2\/media?parent=6361"}],"curies":[{"name":"wp","href":"https:\/\/api.w.org\/{rel}","templated":true}]}}